{"id":5,"date":"2020-06-13T03:56:51","date_gmt":"2020-06-13T03:56:51","guid":{"rendered":"https:\/\/utejenisch.de\/?page_id=5"},"modified":"2026-03-30T17:48:37","modified_gmt":"2026-03-30T17:48:37","slug":"ueber-mich-2","status":"publish","type":"page","link":"https:\/\/utejenisch.de\/?page_id=5","title":{"rendered":"Meine Qualifikation"},"content":{"rendered":"\n<div class=\"wp-block-media-text alignwide is-stacked-on-mobile is-vertically-aligned-center\" style=\"grid-template-columns:31% auto\"><figure class=\"wp-block-media-text__media\"><img loading=\"lazy\" decoding=\"async\" width=\"485\" height=\"727\" src=\"https:\/\/utejenisch.de\/wp-content\/uploads\/2021\/10\/Portrait-Webseite-.jpg\" alt=\"\" class=\"wp-image-554 size-full\" srcset=\"https:\/\/utejenisch.de\/wp-content\/uploads\/2021\/10\/Portrait-Webseite-.jpg 485w, https:\/\/utejenisch.de\/wp-content\/uploads\/2021\/10\/Portrait-Webseite--200x300.jpg 200w\" sizes=\"auto, (max-width: 485px) 100vw, 485px\" \/><\/figure><div class=\"wp-block-media-text__content\">\n<p style=\"font-size:32px\"><strong>Fort- und Weiterbildung<\/strong><\/p>\n\n\n\n<p style=\"font-size:30px\">Beratung und Begleitung<\/p>\n\n\n\n<p style=\"font-size:30px\">Personzentrierte Seelsorge und Themenzentrierte Gruppenarbeit<\/p>\n\n\n\n<p style=\"font-size:30px\">Planen.Leiten.Arbeiten im Team<\/p>\n\n\n\n<p style=\"font-size:30px\">Zielorientierte Moderation<\/p>\n\n\n\n<p style=\"font-size:30px\">Supervision und Coaching (DGSv) <\/p>\n\n\n\n<p style=\"font-size:30px\">Traumasensible systemische Seelsorge 2025<\/p>\n\n\n\n<p><\/p>\n\n\n\n<p><\/p>\n<\/div><\/div>\n\n\n\n<p style=\"font-size:22px\"><br>Aus meiner fr\u00fcheren T\u00e4tigkeit kenne ich den Bereich der <strong>\u00f6ffentlichen Verwaltung<\/strong>.<\/p>\n\n\n\n<p style=\"font-size:22px\">Als <strong>Gemeindereferentin der Erzdi\u00f6zese Freiburg<\/strong> habe ich Erfahrung in vielen Bereichen und Aufgabenfeldern, mit Personengruppen und mit Einzelnen:<\/p>\n\n\n\n<p style=\"font-size:22px\">&#8211; Im <strong>Dekanatsteam <\/strong>involviert zu sein in komplexe Prozesse und konzeptionelle Ver\u00e4nderungen. <\/p>\n\n\n\n<p style=\"font-size:22px\">&#8211; In der Begleitung und Leitung von Gruppen und Teams aus Ehrenamtlichen. <br>&#8211; In der <strong>Kirchengemeinde<\/strong> als Mitglied eines gr\u00f6\u00dferen Pastoralteams.<\/p>\n\n\n\n<p style=\"font-size:22px\">&#8211; Als <strong>Klinikseelsorgerin <\/strong>in der Begegnung mit Menschen in schweren pers\u00f6nlichen Krisen.<\/p>\n\n\n\n<p style=\"font-size:22px\"><\/p>\n\n\n\n<p><\/p>\n","protected":false},"excerpt":{"rendered":"<p>Fort- und Weiterbildung Beratung und Begleitung Personzentrierte Seelsorge und Themenzentrierte Gruppenarbeit Planen.Leiten.Arbeiten im Team Zielorientierte Moderation Supervision und Coaching (DGSv)&hellip;<\/p>\n","protected":false},"author":1,"featured_media":0,"parent":0,"menu_order":0,"comment_status":"closed","ping_status":"closed","template":"","meta":{"footnotes":""},"class_list":["post-5","page","type-page","status-publish","hentry"],"_links":{"self":[{"href":"https:\/\/utejenisch.de\/index.php?rest_route=\/wp\/v2\/pages\/5","targetHints":{"allow":["GET"]}}],"collection":[{"href":"https:\/\/utejenisch.de\/index.php?rest_route=\/wp\/v2\/pages"}],"about":[{"href":"https:\/\/utejenisch.de\/index.php?rest_route=\/wp\/v2\/types\/page"}],"author":[{"embeddable":true,"href":"https:\/\/utejenisch.de\/index.php?rest_route=\/wp\/v2\/users\/1"}],"replies":[{"embeddable":true,"href":"https:\/\/utejenisch.de\/index.php?rest_route=%2Fwp%2Fv2%2Fcomments&post=5"}],"version-history":[{"count":67,"href":"https:\/\/utejenisch.de\/index.php?rest_route=\/wp\/v2\/pages\/5\/revisions"}],"predecessor-version":[{"id":645,"href":"https:\/\/utejenisch.de\/index.php?rest_route=\/wp\/v2\/pages\/5\/revisions\/645"}],"wp:attachment":[{"href":"https:\/\/utejenisch.de\/index.php?rest_route=%2Fwp%2Fv2%2Fmedia&parent=5"}],"curies":[{"name":"wp","href":"https:\/\/api.w.org\/{rel}","templated":true}]}}